
{"id":5947,"date":"2024-06-19T10:15:24","date_gmt":"2024-06-19T10:15:24","guid":{"rendered":"https:\/\/vijafarm.com\/request-quote\/"},"modified":"2024-06-19T10:15:24","modified_gmt":"2024-06-19T10:15:24","slug":"request-quote","status":"publish","type":"page","link":"https:\/\/asaway.com\/en\/request-quote\/","title":{"rendered":"Request a Quote"},"content":{"rendered":"<div class=\"woocommerce ywraq-wrapper ywraq-empty\">\n\t\t\t<div id=\"yith-ywraq-message\"><div class=\"ywraq-question-message\">\n\t<\/div>\n<\/div>\n\t\t\n\t\t\t\t<div class=\"ywraq-form-table-wrapper wide\">\n\n\t\t\t<div class=\"ywraq-before-form\">\n\t<p class=\"ywraq_list_empty_message\">Your list is empty, add products to the list to send a request<p><p class=\"return-to-shop\"><a class=\"button wc-backward\" href=\"https:\/\/asaway.com\/en\/shop\/\">Quay l\u1ea1i C\u1eeda H\u00e0ng<\/a><\/p><\/div>\n\t\t\t\t\t<\/div>\n\t<\/div>","protected":false},"excerpt":{"rendered":"Your list is empty, add products to the list to send a requestQuay l\u1ea1i C\u1eeda H\u00e0ng","protected":false},"author":1,"featured_media":0,"parent":0,"menu_order":0,"comment_status":"closed","ping_status":"closed","template":"","meta":{"footnotes":""},"class_list":["post-5947","page","type-page","status-publish"],"yoast_head":"<!-- This site is optimized with the Yoast SEO plugin v21.8 - https:\/\/yoast.com\/wordpress\/plugins\/seo\/ -->\n<title>Request a Quote - Vijafarm<\/title>\n<meta name=\"robots\" content=\"index, follow, max-snippet:-1, max-image-preview:large, max-video-preview:-1\" \/>\n<link rel=\"canonical\" href=\"https:\/\/asaway.com\/en\/request-quote\/\" \/>\n<meta property=\"og:locale\" content=\"en_US\" \/>\n<meta property=\"og:type\" content=\"article\" \/>\n<meta property=\"og:title\" content=\"Request a Quote - Vijafarm\" \/>\n<meta property=\"og:url\" content=\"https:\/\/asaway.com\/en\/request-quote\/\" \/>\n<meta property=\"og:site_name\" content=\"Vijafarm\" \/>\n<meta name=\"twitter:card\" content=\"summary_large_image\" \/>\n<script type=\"application\/ld+json\" class=\"yoast-schema-graph\">{\"@context\":\"https:\/\/schema.org\",\"@graph\":[{\"@type\":\"WebPage\",\"@id\":\"https:\/\/asaway.com\/en\/request-quote\/\",\"url\":\"https:\/\/asaway.com\/en\/request-quote\/\",\"name\":\"Request a Quote - Vijafarm\",\"isPartOf\":{\"@id\":\"https:\/\/asaway.com\/vi\/#website\"},\"datePublished\":\"2024-06-19T10:15:24+00:00\",\"dateModified\":\"2024-06-19T10:15:24+00:00\",\"breadcrumb\":{\"@id\":\"https:\/\/asaway.com\/en\/request-quote\/#breadcrumb\"},\"inLanguage\":\"en-US\",\"potentialAction\":[{\"@type\":\"ReadAction\",\"target\":[\"https:\/\/asaway.com\/en\/request-quote\/\"]}]},{\"@type\":\"BreadcrumbList\",\"@id\":\"https:\/\/asaway.com\/en\/request-quote\/#breadcrumb\",\"itemListElement\":[{\"@type\":\"ListItem\",\"position\":1,\"name\":\"Home\",\"item\":\"https:\/\/asaway.com\/en\/\"},{\"@type\":\"ListItem\",\"position\":2,\"name\":\"Request a Quote\"}]},{\"@type\":\"WebSite\",\"@id\":\"https:\/\/asaway.com\/vi\/#website\",\"url\":\"https:\/\/asaway.com\/vi\/\",\"name\":\"Vijafarm\",\"description\":\"Cung c\u1ea5p g\u1ea1o th\u01a1m l\u00faa t\u00f4m \u0111\u1ed3ng b\u1eb1ng S\u00f4ng C\u1eedu Long\",\"potentialAction\":[{\"@type\":\"SearchAction\",\"target\":{\"@type\":\"EntryPoint\",\"urlTemplate\":\"https:\/\/asaway.com\/vi\/?s={search_term_string}\"},\"query-input\":\"required name=search_term_string\"}],\"inLanguage\":\"en-US\"}]}<\/script>\n<!-- \/ Yoast SEO plugin. -->","yoast_head_json":{"title":"Request a Quote - Vijafarm","robots":{"index":"index","follow":"follow","max-snippet":"max-snippet:-1","max-image-preview":"max-image-preview:large","max-video-preview":"max-video-preview:-1"},"canonical":"https:\/\/asaway.com\/en\/request-quote\/","og_locale":"en_US","og_type":"article","og_title":"Request a Quote - Vijafarm","og_url":"https:\/\/asaway.com\/en\/request-quote\/","og_site_name":"Vijafarm","twitter_card":"summary_large_image","schema":{"@context":"https:\/\/schema.org","@graph":[{"@type":"WebPage","@id":"https:\/\/asaway.com\/en\/request-quote\/","url":"https:\/\/asaway.com\/en\/request-quote\/","name":"Request a Quote - Vijafarm","isPartOf":{"@id":"https:\/\/asaway.com\/vi\/#website"},"datePublished":"2024-06-19T10:15:24+00:00","dateModified":"2024-06-19T10:15:24+00:00","breadcrumb":{"@id":"https:\/\/asaway.com\/en\/request-quote\/#breadcrumb"},"inLanguage":"en-US","potentialAction":[{"@type":"ReadAction","target":["https:\/\/asaway.com\/en\/request-quote\/"]}]},{"@type":"BreadcrumbList","@id":"https:\/\/asaway.com\/en\/request-quote\/#breadcrumb","itemListElement":[{"@type":"ListItem","position":1,"name":"Home","item":"https:\/\/asaway.com\/en\/"},{"@type":"ListItem","position":2,"name":"Request a Quote"}]},{"@type":"WebSite","@id":"https:\/\/asaway.com\/vi\/#website","url":"https:\/\/asaway.com\/vi\/","name":"Vijafarm","description":"Cung c\u1ea5p g\u1ea1o th\u01a1m l\u00faa t\u00f4m \u0111\u1ed3ng b\u1eb1ng S\u00f4ng C\u1eedu Long","potentialAction":[{"@type":"SearchAction","target":{"@type":"EntryPoint","urlTemplate":"https:\/\/asaway.com\/vi\/?s={search_term_string}"},"query-input":"required name=search_term_string"}],"inLanguage":"en-US"}]}},"_links":{"self":[{"href":"https:\/\/asaway.com\/en\/wp-json\/wp\/v2\/pages\/5947"}],"collection":[{"href":"https:\/\/asaway.com\/en\/wp-json\/wp\/v2\/pages"}],"about":[{"href":"https:\/\/asaway.com\/en\/wp-json\/wp\/v2\/types\/page"}],"author":[{"embeddable":true,"href":"https:\/\/asaway.com\/en\/wp-json\/wp\/v2\/users\/1"}],"replies":[{"embeddable":true,"href":"https:\/\/asaway.com\/en\/wp-json\/wp\/v2\/comments?post=5947"}],"version-history":[{"count":0,"href":"https:\/\/asaway.com\/en\/wp-json\/wp\/v2\/pages\/5947\/revisions"}],"wp:attachment":[{"href":"https:\/\/asaway.com\/en\/wp-json\/wp\/v2\/media?parent=5947"}],"curies":[{"name":"wp","href":"https:\/\/api.w.org\/{rel}","templated":true}]}}