
{"id":5898,"date":"2024-06-19T10:12:27","date_gmt":"2024-06-19T10:12:27","guid":{"rendered":"https:\/\/vijafarm.com\/cart\/"},"modified":"2024-06-19T10:12:27","modified_gmt":"2024-06-19T10:12:27","slug":"cart","status":"publish","type":"page","link":"https:\/\/asaway.com\/en\/cart\/","title":{"rendered":"Cart"},"content":{"rendered":"<div data-block-name=\"woocommerce\/cart\" class=\"wp-block-woocommerce-cart alignwide is-loading\"><div data-block-name=\"woocommerce\/filled-cart-block\" class=\"wp-block-woocommerce-filled-cart-block\"><div data-block-name=\"woocommerce\/cart-items-block\" class=\"wp-block-woocommerce-cart-items-block\"><div data-block-name=\"woocommerce\/cart-line-items-block\" class=\"wp-block-woocommerce-cart-line-items-block\"><\/div>\n\n<div data-block-name=\"woocommerce\/cart-cross-sells-block\" class=\"wp-block-woocommerce-cart-cross-sells-block\">\n<h2 class=\"wp-block-heading has-large-font-size\">You may be interested in\u2026<\/h2>\n\n\n<div data-block-name=\"woocommerce\/cart-cross-sells-products-block\" class=\"wp-block-woocommerce-cart-cross-sells-products-block\"><\/div><\/div><\/div>\n\n<div data-block-name=\"woocommerce\/cart-totals-block\" class=\"wp-block-woocommerce-cart-totals-block\"><div data-block-name=\"woocommerce\/cart-order-summary-block\" class=\"wp-block-woocommerce-cart-order-summary-block\"><div data-block-name=\"woocommerce\/cart-order-summary-heading-block\" class=\"wp-block-woocommerce-cart-order-summary-heading-block\"><\/div>\n\n<div data-block-name=\"woocommerce\/cart-order-summary-coupon-form-block\" class=\"wp-block-woocommerce-cart-order-summary-coupon-form-block\"><\/div>\n\n<div data-block-name=\"woocommerce\/cart-order-summary-subtotal-block\" class=\"wp-block-woocommerce-cart-order-summary-subtotal-block\"><\/div>\n\n<div data-block-name=\"woocommerce\/cart-order-summary-fee-block\" class=\"wp-block-woocommerce-cart-order-summary-fee-block\"><\/div>\n\n<div data-block-name=\"woocommerce\/cart-order-summary-discount-block\" class=\"wp-block-woocommerce-cart-order-summary-discount-block\"><\/div>\n\n<div data-block-name=\"woocommerce\/cart-order-summary-shipping-block\" class=\"wp-block-woocommerce-cart-order-summary-shipping-block\"><\/div>\n\n<div data-block-name=\"woocommerce\/cart-order-summary-taxes-block\" class=\"wp-block-woocommerce-cart-order-summary-taxes-block\"><\/div><\/div>\n\n<div data-block-name=\"woocommerce\/cart-express-payment-block\" class=\"wp-block-woocommerce-cart-express-payment-block\"><\/div>\n\n<div data-block-name=\"woocommerce\/proceed-to-checkout-block\" class=\"wp-block-woocommerce-proceed-to-checkout-block\"><\/div>\n\n<div data-block-name=\"woocommerce\/cart-accepted-payment-methods-block\" class=\"wp-block-woocommerce-cart-accepted-payment-methods-block\"><\/div><\/div><\/div>\n\n<div data-block-name=\"woocommerce\/empty-cart-block\" class=\"wp-block-woocommerce-empty-cart-block\">\n<h2 class=\"wp-block-heading has-text-align-center with-empty-cart-icon wc-block-cart__empty-cart__title\">Your cart is currently empty!<\/h2>\n\n\n\n<hr class=\"wp-block-separator has-alpha-channel-opacity is-style-dots\"\/>\n\n\n\n<h2 class=\"wp-block-heading has-text-align-center\">New in store<\/h2>\n\n\n<div data-block-name=\"woocommerce\/product-new\" data-columns=\"4\" data-rows=\"1\" class=\"wc-block-grid wp-block-product-new wc-block-product-new has-4-columns\"><ul class=\"wc-block-grid__products\"><li class=\"wc-block-grid__product\">\n\t\t\t\t<a href=\"https:\/\/asaway.com\/en\/product\/gao-nang-thom-hop-6kg-6-tui\/\" class=\"wc-block-grid__product-link\">\n\t\t\t\t\t<div class=\"wc-block-grid__product-onsale\">\n\t\t\t<span aria-hidden=\"true\" data-no-translation=\"\" data-trp-gettext=\"\">Sale<\/span>\n\t\t\t<span class=\"screen-reader-text\" data-no-translation=\"\" data-trp-gettext=\"\">Product on sale<\/span>\n\t\t<\/div>\n\t\t\t\t\t<div class=\"wc-block-grid__product-image\"><img loading=\"lazy\" decoding=\"async\" width=\"300\" height=\"300\" src=\"https:\/\/asaway.com\/wp-content\/uploads\/2024\/07\/Gao-Nang-Thom-6Kg-Mau-Xanh-800s-300x300.jpg\" class=\"attachment-woocommerce_thumbnail size-woocommerce_thumbnail\" alt=\"Gao-Nang-Thom-6Kg\" srcset=\"https:\/\/asaway.com\/wp-content\/uploads\/2024\/07\/Gao-Nang-Thom-6Kg-Mau-Xanh-800s-300x300.jpg 300w, https:\/\/asaway.com\/wp-content\/uploads\/2024\/07\/Gao-Nang-Thom-6Kg-Mau-Xanh-800s-150x150.jpg 150w, https:\/\/asaway.com\/wp-content\/uploads\/2024\/07\/Gao-Nang-Thom-6Kg-Mau-Xanh-800s-600x600.jpg 600w, https:\/\/asaway.com\/wp-content\/uploads\/2024\/07\/Gao-Nang-Thom-6Kg-Mau-Xanh-800s-768x768.jpg 768w, https:\/\/asaway.com\/wp-content\/uploads\/2024\/07\/Gao-Nang-Thom-6Kg-Mau-Xanh-800s-12x12.jpg 12w, https:\/\/asaway.com\/wp-content\/uploads\/2024\/07\/Gao-Nang-Thom-6Kg-Mau-Xanh-800s-140x140.jpg 140w, https:\/\/asaway.com\/wp-content\/uploads\/2024\/07\/Gao-Nang-Thom-6Kg-Mau-Xanh-800s-100x100.jpg 100w, https:\/\/asaway.com\/wp-content\/uploads\/2024\/07\/Gao-Nang-Thom-6Kg-Mau-Xanh-800s-500x500.jpg 500w, https:\/\/asaway.com\/wp-content\/uploads\/2024\/07\/Gao-Nang-Thom-6Kg-Mau-Xanh-800s-350x350.jpg 350w, https:\/\/asaway.com\/wp-content\/uploads\/2024\/07\/Gao-Nang-Thom-6Kg-Mau-Xanh-800s.jpg 800w\" sizes=\"(max-width: 300px) 100vw, 300px\" \/><\/div>\n\t\t\t\t\t<div class=\"wc-block-grid__product-title\">Nang Thom Rice Box 6Kg (6 packs)<\/div>\n\t\t\t\t<\/a>\n\t\t\t\t<div class=\"wc-block-grid__product-price price\"><\/div>\n\t\t\t\t\n\t\t\t\t<div class=\"wp-block-button wc-block-grid__product-add-to-cart\"><a href=\"?add-to-cart=6666\" aria-label=\"Add to cart: \u201cG\u1ea1o N\u00e0ng Th\u01a1m H\u1ed9p 6Kg (6 t\u00fai)\u201d\" data-quantity=\"1\" data-product_id=\"6666\" data-product_sku=\"nang-thom-hop-6kg\" data-price=\"240000\" rel=\"nofollow\" class=\"wp-block-button__link  add_to_cart_button ajax_add_to_cart\" data-no-translation=\"\" data-trp-gettext=\"\" data-no-translation-aria-label=\"\">Add to cart<\/a><\/div>\n\t\t\t<\/li><li class=\"wc-block-grid__product\">\n\t\t\t\t<a href=\"https:\/\/asaway.com\/en\/product\/gao-thom-st25-hop-6kg\/\" class=\"wc-block-grid__product-link\">\n\t\t\t\t\t<div class=\"wc-block-grid__product-onsale\">\n\t\t\t<span aria-hidden=\"true\" data-no-translation=\"\" data-trp-gettext=\"\">Sale<\/span>\n\t\t\t<span class=\"screen-reader-text\" data-no-translation=\"\" data-trp-gettext=\"\">Product on sale<\/span>\n\t\t<\/div>\n\t\t\t\t\t<div class=\"wc-block-grid__product-image\"><img loading=\"lazy\" decoding=\"async\" width=\"300\" height=\"300\" src=\"https:\/\/asaway.com\/wp-content\/uploads\/2024\/07\/Gao-ST25-6Kg-Mau-Do-800s-300x300.jpg\" class=\"attachment-woocommerce_thumbnail size-woocommerce_thumbnail\" alt=\"Gao-ST25-6Kg\" srcset=\"https:\/\/asaway.com\/wp-content\/uploads\/2024\/07\/Gao-ST25-6Kg-Mau-Do-800s-300x300.jpg 300w, https:\/\/asaway.com\/wp-content\/uploads\/2024\/07\/Gao-ST25-6Kg-Mau-Do-800s-150x150.jpg 150w, https:\/\/asaway.com\/wp-content\/uploads\/2024\/07\/Gao-ST25-6Kg-Mau-Do-800s-600x600.jpg 600w, https:\/\/asaway.com\/wp-content\/uploads\/2024\/07\/Gao-ST25-6Kg-Mau-Do-800s-768x768.jpg 768w, https:\/\/asaway.com\/wp-content\/uploads\/2024\/07\/Gao-ST25-6Kg-Mau-Do-800s-12x12.jpg 12w, https:\/\/asaway.com\/wp-content\/uploads\/2024\/07\/Gao-ST25-6Kg-Mau-Do-800s-140x140.jpg 140w, https:\/\/asaway.com\/wp-content\/uploads\/2024\/07\/Gao-ST25-6Kg-Mau-Do-800s-100x100.jpg 100w, https:\/\/asaway.com\/wp-content\/uploads\/2024\/07\/Gao-ST25-6Kg-Mau-Do-800s-500x500.jpg 500w, https:\/\/asaway.com\/wp-content\/uploads\/2024\/07\/Gao-ST25-6Kg-Mau-Do-800s-350x350.jpg 350w, https:\/\/asaway.com\/wp-content\/uploads\/2024\/07\/Gao-ST25-6Kg-Mau-Do-800s.jpg 800w\" sizes=\"(max-width: 300px) 100vw, 300px\" \/><\/div>\n\t\t\t\t\t<div class=\"wc-block-grid__product-title\">ST25 Rice Box 6Kg (6 packs)<\/div>\n\t\t\t\t<\/a>\n\t\t\t\t<div class=\"wc-block-grid__product-price price\"><\/div>\n\t\t\t\t\n\t\t\t\t<div class=\"wp-block-button wc-block-grid__product-add-to-cart\"><a href=\"?add-to-cart=6665\" aria-label=\"Add to cart: \u201cG\u1ea1o Th\u01a1m ST25 H\u1ed9p 6Kg (6 t\u00fai)\u201d\" data-quantity=\"1\" data-product_id=\"6665\" data-product_sku=\"st25-hop-6kg\" data-price=\"240000\" rel=\"nofollow\" class=\"wp-block-button__link  add_to_cart_button ajax_add_to_cart\" data-no-translation=\"\" data-trp-gettext=\"\" data-no-translation-aria-label=\"\">Add to cart<\/a><\/div>\n\t\t\t<\/li><li class=\"wc-block-grid__product\">\n\t\t\t\t<a href=\"https:\/\/asaway.com\/en\/product\/gao-thom-jasmine\/\" class=\"wc-block-grid__product-link\">\n\t\t\t\t\t<div class=\"wc-block-grid__product-onsale\">\n\t\t\t<span aria-hidden=\"true\" data-no-translation=\"\" data-trp-gettext=\"\">Sale<\/span>\n\t\t\t<span class=\"screen-reader-text\" data-no-translation=\"\" data-trp-gettext=\"\">Product on sale<\/span>\n\t\t<\/div>\n\t\t\t\t\t<div class=\"wc-block-grid__product-image\"><img loading=\"lazy\" decoding=\"async\" width=\"300\" height=\"300\" src=\"https:\/\/asaway.com\/wp-content\/uploads\/2024\/07\/Hoang-Minh-Nhat-Gao-Thom-Jasmine-5Kg-Mau-Hong-1k-300x300.jpg\" class=\"attachment-woocommerce_thumbnail size-woocommerce_thumbnail\" alt=\"Hoang-Minh-Nhat-Gao-Thom-Jasmine-5Kg\" srcset=\"https:\/\/asaway.com\/wp-content\/uploads\/2024\/07\/Hoang-Minh-Nhat-Gao-Thom-Jasmine-5Kg-Mau-Hong-1k-300x300.jpg 300w, https:\/\/asaway.com\/wp-content\/uploads\/2024\/07\/Hoang-Minh-Nhat-Gao-Thom-Jasmine-5Kg-Mau-Hong-1k-150x150.jpg 150w, https:\/\/asaway.com\/wp-content\/uploads\/2024\/07\/Hoang-Minh-Nhat-Gao-Thom-Jasmine-5Kg-Mau-Hong-1k-600x599.jpg 600w, https:\/\/asaway.com\/wp-content\/uploads\/2024\/07\/Hoang-Minh-Nhat-Gao-Thom-Jasmine-5Kg-Mau-Hong-1k-768x767.jpg 768w, https:\/\/asaway.com\/wp-content\/uploads\/2024\/07\/Hoang-Minh-Nhat-Gao-Thom-Jasmine-5Kg-Mau-Hong-1k-12x12.jpg 12w, https:\/\/asaway.com\/wp-content\/uploads\/2024\/07\/Hoang-Minh-Nhat-Gao-Thom-Jasmine-5Kg-Mau-Hong-1k-140x140.jpg 140w, https:\/\/asaway.com\/wp-content\/uploads\/2024\/07\/Hoang-Minh-Nhat-Gao-Thom-Jasmine-5Kg-Mau-Hong-1k-100x100.jpg 100w, https:\/\/asaway.com\/wp-content\/uploads\/2024\/07\/Hoang-Minh-Nhat-Gao-Thom-Jasmine-5Kg-Mau-Hong-1k-500x500.jpg 500w, https:\/\/asaway.com\/wp-content\/uploads\/2024\/07\/Hoang-Minh-Nhat-Gao-Thom-Jasmine-5Kg-Mau-Hong-1k-350x350.jpg 350w, https:\/\/asaway.com\/wp-content\/uploads\/2024\/07\/Hoang-Minh-Nhat-Gao-Thom-Jasmine-5Kg-Mau-Hong-1k-1000x1000.jpg 1000w, https:\/\/asaway.com\/wp-content\/uploads\/2024\/07\/Hoang-Minh-Nhat-Gao-Thom-Jasmine-5Kg-Mau-Hong-1k-800x800.jpg 800w, https:\/\/asaway.com\/wp-content\/uploads\/2024\/07\/Hoang-Minh-Nhat-Gao-Thom-Jasmine-5Kg-Mau-Hong-1k.jpg 1002w\" sizes=\"(max-width: 300px) 100vw, 300px\" \/><\/div>\n\t\t\t\t\t<div class=\"wc-block-grid__product-title\">Fragrant Rice Jasmine<\/div>\n\t\t\t\t<\/a>\n\t\t\t\t<div class=\"wc-block-grid__product-price price\"><\/div>\n\t\t\t\t\n\t\t\t\t<div class=\"wp-block-button wc-block-grid__product-add-to-cart\"><a href=\"?add-to-cart=6664\" aria-label=\"Add to cart: \u201cG\u1ea1o Th\u01a1m Jasmine\u201d\" data-quantity=\"1\" data-product_id=\"6664\" data-product_sku=\"gao-thom-jasmine\" data-price=\"110000\" rel=\"nofollow\" class=\"wp-block-button__link  add_to_cart_button ajax_add_to_cart\" data-no-translation=\"\" data-trp-gettext=\"\" data-no-translation-aria-label=\"\">Add to cart<\/a><\/div>\n\t\t\t<\/li><li class=\"wc-block-grid__product\">\n\t\t\t\t<a href=\"https:\/\/asaway.com\/en\/product\/gao-thom-soc-trang\/\" class=\"wc-block-grid__product-link\">\n\t\t\t\t\t<div class=\"wc-block-grid__product-onsale\">\n\t\t\t<span aria-hidden=\"true\" data-no-translation=\"\" data-trp-gettext=\"\">Sale<\/span>\n\t\t\t<span class=\"screen-reader-text\" data-no-translation=\"\" data-trp-gettext=\"\">Product on sale<\/span>\n\t\t<\/div>\n\t\t\t\t\t<div class=\"wc-block-grid__product-image\"><img loading=\"lazy\" decoding=\"async\" width=\"300\" height=\"300\" src=\"https:\/\/asaway.com\/wp-content\/uploads\/2024\/07\/Hoang-Minh-Nhat-Gao-Thom-Soc-Trang-ST25-5Kg-Mau-Do-1k-300x300.jpg\" class=\"attachment-woocommerce_thumbnail size-woocommerce_thumbnail\" alt=\"Hoang-Minh-Nhat-Gao-Thom-Soc-Trang-ST25-5Kg\" srcset=\"https:\/\/asaway.com\/wp-content\/uploads\/2024\/07\/Hoang-Minh-Nhat-Gao-Thom-Soc-Trang-ST25-5Kg-Mau-Do-1k-300x300.jpg 300w, https:\/\/asaway.com\/wp-content\/uploads\/2024\/07\/Hoang-Minh-Nhat-Gao-Thom-Soc-Trang-ST25-5Kg-Mau-Do-1k-150x150.jpg 150w, https:\/\/asaway.com\/wp-content\/uploads\/2024\/07\/Hoang-Minh-Nhat-Gao-Thom-Soc-Trang-ST25-5Kg-Mau-Do-1k-600x600.jpg 600w, https:\/\/asaway.com\/wp-content\/uploads\/2024\/07\/Hoang-Minh-Nhat-Gao-Thom-Soc-Trang-ST25-5Kg-Mau-Do-1k-768x768.jpg 768w, https:\/\/asaway.com\/wp-content\/uploads\/2024\/07\/Hoang-Minh-Nhat-Gao-Thom-Soc-Trang-ST25-5Kg-Mau-Do-1k-12x12.jpg 12w, https:\/\/asaway.com\/wp-content\/uploads\/2024\/07\/Hoang-Minh-Nhat-Gao-Thom-Soc-Trang-ST25-5Kg-Mau-Do-1k-140x140.jpg 140w, https:\/\/asaway.com\/wp-content\/uploads\/2024\/07\/Hoang-Minh-Nhat-Gao-Thom-Soc-Trang-ST25-5Kg-Mau-Do-1k-100x100.jpg 100w, https:\/\/asaway.com\/wp-content\/uploads\/2024\/07\/Hoang-Minh-Nhat-Gao-Thom-Soc-Trang-ST25-5Kg-Mau-Do-1k-500x500.jpg 500w, https:\/\/asaway.com\/wp-content\/uploads\/2024\/07\/Hoang-Minh-Nhat-Gao-Thom-Soc-Trang-ST25-5Kg-Mau-Do-1k-350x350.jpg 350w, https:\/\/asaway.com\/wp-content\/uploads\/2024\/07\/Hoang-Minh-Nhat-Gao-Thom-Soc-Trang-ST25-5Kg-Mau-Do-1k-800x800.jpg 800w, https:\/\/asaway.com\/wp-content\/uploads\/2024\/07\/Hoang-Minh-Nhat-Gao-Thom-Soc-Trang-ST25-5Kg-Mau-Do-1k.jpg 1001w\" sizes=\"(max-width: 300px) 100vw, 300px\" \/><\/div>\n\t\t\t\t\t<div class=\"wc-block-grid__product-title\">Fragrant Rice Soc Trang<\/div>\n\t\t\t\t<\/a>\n\t\t\t\t<div class=\"wc-block-grid__product-price price\"><\/div>\n\t\t\t\t\n\t\t\t\t<div class=\"wp-block-button wc-block-grid__product-add-to-cart\"><a href=\"?add-to-cart=6662\" aria-label=\"Add to cart: \u201cG\u1ea1o Th\u01a1m S\u00f3c Tr\u0103ng\u201d\" data-quantity=\"1\" data-product_id=\"6662\" data-product_sku=\"st25-5kg\" data-price=\"250000\" rel=\"nofollow\" class=\"wp-block-button__link  add_to_cart_button ajax_add_to_cart\" data-no-translation=\"\" data-trp-gettext=\"\" data-no-translation-aria-label=\"\">Add to cart<\/a><\/div>\n\t\t\t<\/li><\/ul><\/div><\/div><\/div>","protected":false},"excerpt":{"rendered":"You may be interested in\u2026 Your cart is currently empty! New in store","protected":false},"author":1,"featured_media":0,"parent":0,"menu_order":0,"comment_status":"closed","ping_status":"closed","template":"","meta":{"footnotes":""},"class_list":["post-5898","page","type-page","status-publish"],"yoast_head":"<!-- This site is optimized with the Yoast SEO plugin v21.8 - https:\/\/yoast.com\/wordpress\/plugins\/seo\/ -->\n<title>Cart - Vijafarm<\/title>\n<meta name=\"robots\" content=\"index, follow, max-snippet:-1, max-image-preview:large, max-video-preview:-1\" \/>\n<link rel=\"canonical\" href=\"https:\/\/asaway.com\/en\/cart\/\" \/>\n<meta property=\"og:locale\" content=\"en_US\" \/>\n<meta property=\"og:type\" content=\"article\" \/>\n<meta property=\"og:title\" content=\"Cart - Vijafarm\" \/>\n<meta property=\"og:url\" content=\"https:\/\/asaway.com\/en\/cart\/\" \/>\n<meta property=\"og:site_name\" content=\"Vijafarm\" \/>\n<meta name=\"twitter:card\" content=\"summary_large_image\" \/>\n<script type=\"application\/ld+json\" class=\"yoast-schema-graph\">{\"@context\":\"https:\/\/schema.org\",\"@graph\":[{\"@type\":\"WebPage\",\"@id\":\"https:\/\/asaway.com\/en\/cart\/\",\"url\":\"https:\/\/asaway.com\/en\/cart\/\",\"name\":\"Cart - Vijafarm\",\"isPartOf\":{\"@id\":\"https:\/\/asaway.com\/vi\/#website\"},\"datePublished\":\"2024-06-19T10:12:27+00:00\",\"dateModified\":\"2024-06-19T10:12:27+00:00\",\"breadcrumb\":{\"@id\":\"https:\/\/asaway.com\/en\/cart\/#breadcrumb\"},\"inLanguage\":\"en-US\",\"potentialAction\":[{\"@type\":\"ReadAction\",\"target\":[\"https:\/\/asaway.com\/en\/cart\/\"]}]},{\"@type\":\"BreadcrumbList\",\"@id\":\"https:\/\/asaway.com\/en\/cart\/#breadcrumb\",\"itemListElement\":[{\"@type\":\"ListItem\",\"position\":1,\"name\":\"Home\",\"item\":\"https:\/\/asaway.com\/en\/\"},{\"@type\":\"ListItem\",\"position\":2,\"name\":\"Cart\"}]},{\"@type\":\"WebSite\",\"@id\":\"https:\/\/asaway.com\/vi\/#website\",\"url\":\"https:\/\/asaway.com\/vi\/\",\"name\":\"Vijafarm\",\"description\":\"Cung c\u1ea5p g\u1ea1o th\u01a1m l\u00faa t\u00f4m \u0111\u1ed3ng b\u1eb1ng S\u00f4ng C\u1eedu Long\",\"potentialAction\":[{\"@type\":\"SearchAction\",\"target\":{\"@type\":\"EntryPoint\",\"urlTemplate\":\"https:\/\/asaway.com\/vi\/?s={search_term_string}\"},\"query-input\":\"required name=search_term_string\"}],\"inLanguage\":\"en-US\"}]}<\/script>\n<!-- \/ Yoast SEO plugin. -->","yoast_head_json":{"title":"Cart - Vijafarm","robots":{"index":"index","follow":"follow","max-snippet":"max-snippet:-1","max-image-preview":"max-image-preview:large","max-video-preview":"max-video-preview:-1"},"canonical":"https:\/\/asaway.com\/en\/cart\/","og_locale":"en_US","og_type":"article","og_title":"Cart - Vijafarm","og_url":"https:\/\/asaway.com\/en\/cart\/","og_site_name":"Vijafarm","twitter_card":"summary_large_image","schema":{"@context":"https:\/\/schema.org","@graph":[{"@type":"WebPage","@id":"https:\/\/asaway.com\/en\/cart\/","url":"https:\/\/asaway.com\/en\/cart\/","name":"Cart - Vijafarm","isPartOf":{"@id":"https:\/\/asaway.com\/vi\/#website"},"datePublished":"2024-06-19T10:12:27+00:00","dateModified":"2024-06-19T10:12:27+00:00","breadcrumb":{"@id":"https:\/\/asaway.com\/en\/cart\/#breadcrumb"},"inLanguage":"en-US","potentialAction":[{"@type":"ReadAction","target":["https:\/\/asaway.com\/en\/cart\/"]}]},{"@type":"BreadcrumbList","@id":"https:\/\/asaway.com\/en\/cart\/#breadcrumb","itemListElement":[{"@type":"ListItem","position":1,"name":"Home","item":"https:\/\/asaway.com\/en\/"},{"@type":"ListItem","position":2,"name":"Cart"}]},{"@type":"WebSite","@id":"https:\/\/asaway.com\/vi\/#website","url":"https:\/\/asaway.com\/vi\/","name":"Vijafarm","description":"Cung c\u1ea5p g\u1ea1o th\u01a1m l\u00faa t\u00f4m \u0111\u1ed3ng b\u1eb1ng S\u00f4ng C\u1eedu Long","potentialAction":[{"@type":"SearchAction","target":{"@type":"EntryPoint","urlTemplate":"https:\/\/asaway.com\/vi\/?s={search_term_string}"},"query-input":"required name=search_term_string"}],"inLanguage":"en-US"}]}},"_links":{"self":[{"href":"https:\/\/asaway.com\/en\/wp-json\/wp\/v2\/pages\/5898"}],"collection":[{"href":"https:\/\/asaway.com\/en\/wp-json\/wp\/v2\/pages"}],"about":[{"href":"https:\/\/asaway.com\/en\/wp-json\/wp\/v2\/types\/page"}],"author":[{"embeddable":true,"href":"https:\/\/asaway.com\/en\/wp-json\/wp\/v2\/users\/1"}],"replies":[{"embeddable":true,"href":"https:\/\/asaway.com\/en\/wp-json\/wp\/v2\/comments?post=5898"}],"version-history":[{"count":0,"href":"https:\/\/asaway.com\/en\/wp-json\/wp\/v2\/pages\/5898\/revisions"}],"wp:attachment":[{"href":"https:\/\/asaway.com\/en\/wp-json\/wp\/v2\/media?parent=5898"}],"curies":[{"name":"wp","href":"https:\/\/api.w.org\/{rel}","templated":true}]}}